{"id":11,"date":"2018-06-11T10:04:10","date_gmt":"2018-06-11T10:04:10","guid":{"rendered":"https:\/\/nigiri.qodeinteractive.com\/?page_id=11"},"modified":"2024-08-01T15:11:41","modified_gmt":"2024-08-01T18:11:41","slug":"main-home","status":"publish","type":"page","link":"https:\/\/temakin.com.br\/restaurantejapones\/","title":{"rendered":"Main Home"},"content":{"rendered":"<p>[vc_row][vc_column]<div class=\"eltdf-elements-holder   eltdf-one-column  eltdf-responsive-mode-768 \" ><div class=\"eltdf-eh-item    \"  data-item-class=\"eltdf-eh-custom-7380\" data-1367-1600=\"0 8.3%\" data-1025-1366=\"0 8.3%\" data-769-1024=\"8.3% 8.3% 0\" data-681-768=\"8.3% 8.3% 0\" data-680=\"8.3% 8.3% 0\">\n\t<div class=\"eltdf-eh-item-inner\">\n\t\t<div class=\"eltdf-eh-item-content eltdf-eh-custom-7380\" style=\"padding: 0 8.3%\">\n\t\t\t[rev_slider_vc alias=&#8221;main-home&#8221; enable_paspartu=&#8221;no&#8221;]\t\t<\/div>\n\t<\/div>\n<\/div><\/div>[\/vc_column][\/vc_row][vc_row row_content_width=&#8221;grid&#8221; css=&#8221;.vc_custom_1677272269871{padding-top: 150px !important;padding-bottom: 87px !important;}&#8221; el_id=&#8221;temakin&#8221;][vc_column offset=&#8221;vc_col-lg-offset-0 vc_col-lg-12 vc_col-md-offset-0 vc_col-md-12 vc_col-sm-offset-0&#8243;]<div class=\"eltdf-dual-image-showcase-holder  eltdf-dual-image-showcase-right eltdf-text-align-right eltdf-parallax-items\" >\n            <div class=\"eltdf-dis-text-holder\">\n                            <h6 class=\"eltdf-dis-subtitle\" >Uma experi\u00eancia sem igual!<\/h6>\n                                        <h1 class=\"eltdf-dis-title\" style=\"margin-bottom: 30px\">TEMAKIN<\/h1>\n                \t\t                <p class=\"eltdf-dis-text\" >Aqui no Temakin voc\u00ea encontra desde os mais tradicionais aos sabores mais ex\u00f3ticos da culin\u00e1ria japonesa. Al\u00e9m do Rod\u00edzio e \u00c0 La Carte, oferecemos menus especiais do Chefe e de Drinks criados exclusivamente para o Temakin.<\/p>\n                                 <\/div>\n        <div class=\"eltdf-dis-inner-holder\">\n\t        \t\t        <div class=\"eltdf-background-image-holder\" data-y-axis-translation=\"-35\">\n\t\t\t        <img width=\"300\" height=\"499\" src=\"https:\/\/temakin.com.br\/restaurantejapones\/wp-content\/uploads\/2024\/01\/h1-image-2.jpg\" class=\"attachment-full size-full\" alt=\"\" decoding=\"async\" loading=\"lazy\" srcset=\"https:\/\/temakin.com.br\/restaurantejapones\/wp-content\/uploads\/2024\/01\/h1-image-2.jpg 300w, https:\/\/temakin.com.br\/restaurantejapones\/wp-content\/uploads\/2024\/01\/h1-image-2-180x300.jpg 180w\" sizes=\"(max-width: 300px) 100vw, 300px\" \/>\t\t        <\/div>\n\t        \t        \t\t        <div class=\"eltdf-foreground-image-holder\" data-y-axis-translation=\"35\">\n\t\t\t        <img width=\"467\" height=\"388\" src=\"https:\/\/temakin.com.br\/restaurantejapones\/wp-content\/uploads\/2024\/01\/h1-image-1-1.png\" class=\"attachment-full size-full\" alt=\"\" decoding=\"async\" loading=\"lazy\" srcset=\"https:\/\/temakin.com.br\/restaurantejapones\/wp-content\/uploads\/2024\/01\/h1-image-1-1.png 467w, https:\/\/temakin.com.br\/restaurantejapones\/wp-content\/uploads\/2024\/01\/h1-image-1-1-300x249.png 300w\" sizes=\"(max-width: 467px) 100vw, 467px\" \/>\t\t        <\/div>\n\t                <\/div>\n    <\/div>[\/vc_column][\/vc_row][vc_row row_content_width=&#8221;grid&#8221; css=&#8221;.vc_custom_1677272279660{margin-top: 100px !important;margin-bottom: 100px !important;}&#8221; el_id=&#8221;cardapios&#8221;][vc_column offset=&#8221;vc_col-lg-offset-0 vc_col-lg-12 vc_col-md-offset-0 vc_col-md-12 vc_col-sm-offset-0&#8243; css=&#8221;.vc_custom_1677262588100{padding-top: -200px !important;}&#8221;]<div class=\"eltdf-section-title-holder   eltdf-position-center\" style=\"text-align: center\">\n\t\t<div class=\"eltdf-st-inner\">\n\t\t\t\t\t<h6 class=\"eltdf-st-subtitle\" >\n\t\t\t\tClique na imagem para conhecer os\t\t\t<\/h6>\n\t\t\t\t\t\t\t<h1 class=\"eltdf-st-title\" >\n\t\t\t\tNOSSOS CARD\u00c1PIOS\t\t\t<\/h1>\n\t\t\t\t\t\t\t\t\t<\/div>\n<\/div>[vc_row_inner css=&#8221;.vc_custom_1677263463772{margin-top: 20px !important;}&#8221;][vc_column_inner width=&#8221;1\/3&#8243;][vc_single_image image=&#8221;5185&#8243; img_size=&#8221;medium&#8221; onclick=&#8221;custom_link&#8221; link=&#8221;https:\/\/temakin.com.br\/restaurantejapones\/cardapio-a-la-carte\/&#8221;][vc_column_text]Servido na unidade Pedra Branca, para os amantes da culin\u00e1ria japonesa. Oferecemos op\u00e7\u00f5es tradicionais e inovadoras no nosso \u00c0 La Carte. Descubra sabores aut\u00eanticos e novas interpreta\u00e7\u00f5es que v\u00e3o encantar o seu paladar.[\/vc_column_text][\/vc_column_inner][vc_column_inner width=&#8221;1\/3&#8243;][vc_single_image image=&#8221;5186&#8243; img_size=&#8221;medium&#8221; onclick=&#8221;custom_link&#8221; link=&#8221;https:\/\/temakin.com.br\/restaurantejapones\/cardapio-rodizio\/&#8221;][vc_column_text]O favorito! Nosso Rod\u00edzio tem +160 pe\u00e7as que voc\u00ea pode pedir e repetir quantas vezes quiser![\/vc_column_text][\/vc_column_inner][vc_column_inner width=&#8221;1\/3&#8243;][vc_single_image image=&#8221;5187&#8243; img_size=&#8221;medium&#8221; onclick=&#8221;custom_link&#8221; link=&#8221;https:\/\/temakin.com.br\/restaurantejapones\/cardapio-do-chefe\/&#8221;][vc_column_text]Explore o refinamento da culin\u00e1ria japonesa com o Menu do Chefe. Op\u00e7\u00f5es diferenciadas e especiais, criadas pelo nosso chef, proporcionam uma experi\u00eancia \u00fanica com sabores exclusivos que elevam a gastronomia japonesa a outro n\u00edvel.[\/vc_column_text][\/vc_column_inner][\/vc_row_inner][vc_row_inner css=&#8221;.vc_custom_1677263463772{margin-top: 20px !important;}&#8221;][vc_column_inner width=&#8221;1\/3&#8243;][vc_single_image image=&#8221;5231&#8243; img_size=&#8221;medium&#8221; onclick=&#8221;custom_link&#8221; link=&#8221;https:\/\/temakin.com.br\/restaurantejapones\/cardapio-de-almoco-a-la-carte\/&#8221;][vc_column_text]<\/p>\n<p style=\"text-align: left;\">Saboreie as del\u00edcias do nosso almo\u00e7o \u00c0 La Carte. Um menu que traz a qualidade e a diversidade para um almo\u00e7o japon\u00eas memor\u00e1vel.<\/p>\n<p>[\/vc_column_text][\/vc_column_inner][vc_column_inner width=&#8221;1\/3&#8243;][vc_single_image image=&#8221;5239&#8243; img_size=&#8221;medium&#8221; onclick=&#8221;custom_link&#8221; link=&#8221;https:\/\/temakin.com.br\/restaurantejapones\/bebidas\/&#8221;][vc_column_text]<\/p>\n<p style=\"text-align: left;\">Desfrute de uma experi\u00eancia \u00fanica com nossos Drinks especiais. Temos op\u00e7\u00f5es criadas exclusivamente para o TEMAKIN, al\u00e9m dos cl\u00e1ssicos tradicionais que elevam sua visita a um novo patamar de sabor e refresc\u00e2ncia.<\/p>\n<p>[\/vc_column_text][\/vc_column_inner][vc_column_inner width=&#8221;1\/3&#8243;][vc_single_image image=&#8221;5338&#8243; img_size=&#8221;medium&#8221; onclick=&#8221;custom_link&#8221; link=&#8221;https:\/\/temakin.com.br\/restaurantejapones\/menu-kids\/&#8221;][vc_column_text]<\/p>\n<p style=\"text-align: left;\">Uma op\u00e7\u00e3o para os pequenos que adoram comida japonesa!<\/p>\n<p>[\/vc_column_text][\/vc_column_inner][\/vc_row_inner][\/vc_column][\/vc_row][vc_row content_placement=&#8221;middle&#8221; content_text_aligment=&#8221;center&#8221;][vc_column]<div class=\"eltdf-section-title-holder   eltdf-position-center\" style=\"text-align: center\">\n\t\t<div class=\"eltdf-st-inner\">\n\t\t\t\t\t<h6 class=\"eltdf-st-subtitle\" >\n\t\t\t\tNossos pratos\t\t\t<\/h6>\n\t\t\t\t\t\t\t<h1 class=\"eltdf-st-title\" >\n\t\t\t\tPARA FICAR COM VONTADE\t\t\t<\/h1>\n\t\t\t\t\t\t\t\t\t<\/div>\n<\/div>[vc_empty_space][\/vc_column][\/vc_row][vc_row row_content_width=&#8221;grid&#8221;][vc_column][vc_images_carousel images=&#8221;5275,5276,5277,5278,5279,5280,5281,5282,5283,5284,5285&#8243; img_size=&#8221;1200&#215;390&#8243; onclick=&#8221;link_no&#8221; autoplay=&#8221;yes&#8221; wrap=&#8221;yes&#8221;][vc_empty_space height=&#8221;60px&#8221;][\/vc_column][\/vc_row][vc_row row_content_width=&#8221;grid&#8221;][vc_column offset=&#8221;vc_col-lg-offset-0 vc_col-lg-12 vc_col-md-offset-0 vc_col-md-12 vc_col-sm-offset-0&#8243; css=&#8221;.vc_custom_1677262588100{padding-top: -200px !important;}&#8221;]<div class=\"eltdf-dual-image-showcase-holder  eltdf-dual-image-showcase-left eltdf-text-align-left eltdf-parallax-items\" >\n            <div class=\"eltdf-dis-inner-holder\">\n\t        \t\t        <div class=\"eltdf-background-image-holder\" data-y-axis-translation=\"35\">\n\t\t\t        <img width=\"463\" height=\"568\" src=\"https:\/\/temakin.com.br\/restaurantejapones\/wp-content\/uploads\/2024\/03\/buffet.png\" class=\"attachment-full size-full\" alt=\"\" decoding=\"async\" loading=\"lazy\" srcset=\"https:\/\/temakin.com.br\/restaurantejapones\/wp-content\/uploads\/2024\/03\/buffet.png 463w, https:\/\/temakin.com.br\/restaurantejapones\/wp-content\/uploads\/2024\/03\/buffet-245x300.png 245w\" sizes=\"(max-width: 463px) 100vw, 463px\" \/>\t\t        <\/div>\n\t        \t        \t\t        <div class=\"eltdf-foreground-image-holder\" data-y-axis-translation=\"-35\">\n\t\t\t        <img width=\"435\" height=\"306\" src=\"https:\/\/temakin.com.br\/restaurantejapones\/wp-content\/uploads\/2024\/03\/buffet2.jpg\" class=\"attachment-full size-full\" alt=\"\" decoding=\"async\" loading=\"lazy\" srcset=\"https:\/\/temakin.com.br\/restaurantejapones\/wp-content\/uploads\/2024\/03\/buffet2.jpg 435w, https:\/\/temakin.com.br\/restaurantejapones\/wp-content\/uploads\/2024\/03\/buffet2-300x211.jpg 300w\" sizes=\"(max-width: 435px) 100vw, 435px\" \/>\t\t        <\/div>\n\t                <\/div>\n        <div class=\"eltdf-dis-text-holder\">\n                            <h6 class=\"eltdf-dis-subtitle\" >Tamb\u00e9m temos<\/h6>\n                                        <h1 class=\"eltdf-dis-title\" style=\"margin-bottom: 30px\">ALMO\u00c7O<\/h1>\n                                        <p class=\"eltdf-dis-text\" >Servido na nossa unidade da Pedra Branca, de segunda \u00e0 sexta, o nosso buffet por kg \u00e9 completo com sushis, nigiris, entradas e v\u00e1rias op\u00e7\u00f5es de pratos quentes com op\u00e7\u00f5es deliciosas da culin\u00e1ria japonesa.&lt;br \/&gt;\nTamb\u00e9m no almo\u00e7o temos a op\u00e7\u00e3o de pedidos \u00e0 la carte.<\/p>\n                                 <\/div>\n    <\/div>[\/vc_column][\/vc_row][vc_row row_content_width=&#8221;grid&#8221; css=&#8221;.vc_custom_1677272294286{margin-top: 100px !important;margin-bottom: 100px !important;}&#8221; el_id=&#8221;unidades&#8221;][vc_column offset=&#8221;vc_col-lg-offset-0 vc_col-lg-12 vc_col-md-offset-0 vc_col-md-12 vc_col-sm-offset-0&#8243; css=&#8221;.vc_custom_1677262588100{padding-top: -200px !important;}&#8221;]<div class=\"eltdf-section-title-holder   eltdf-position-center\" style=\"text-align: center\">\n\t\t<div class=\"eltdf-st-inner\">\n\t\t\t\t\t\t\t<h1 class=\"eltdf-st-title\" >\n\t\t\t\tUNIDADES\t\t\t<\/h1>\n\t\t\t\t\t\t\t\t\t<\/div>\n<\/div>[vc_row_inner css=&#8221;.vc_custom_1677263463772{margin-top: 20px !important;}&#8221;][vc_column_inner width=&#8221;1\/2&#8243;][vc_column_text]<\/p>\n<h3 style=\"text-align: center;\"><strong>Pedra Branca<\/strong><\/h3>\n<p>[\/vc_column_text][vc_gmaps link=&#8221;#E-8_JTNDaWZyYW1lJTIwc3JjJTNEJTIyaHR0cHMlM0ElMkYlMkZ3d3cuZ29vZ2xlLmNvbSUyRm1hcHMlMkZlbWJlZCUzRnBiJTNEJTIxMW0xNCUyMTFtOCUyMTFtMyUyMTFkMTQxNDAuMzY3MzUyMzkwNTY3JTIxMmQtNDguNjc3MjA3OCUyMTNkLTI3LjYyMTY3MjIlMjEzbTIlMjExaTEwMjQlMjEyaTc2OCUyMTRmMTMuMSUyMTNtMyUyMTFtMiUyMTFzMHg5NTI3MzU4MWVkZjcwM2E1JTI1M0EweGE3NjkxYzhhNmI1ZjQzY2IlMjEyc1RlbWFraW4lMjUyMFBlZHJhJTI1MjBCcmFuY2ElMjE1ZTAlMjEzbTIlMjExc2VuJTIxMnNiciUyMTR2MTY3NzI2NDc3NDA5OSUyMTVtMiUyMTFzZW4lMjEyc2JyJTIyJTIwd2lkdGglM0QlMjI2MDAlMjIlMjBoZWlnaHQlM0QlMjIyNTAlMjIlMjBzdHlsZSUzRCUyMmJvcmRlciUzQTAlM0IlMjIlMjBhbGxvd2Z1bGxzY3JlZW4lM0QlMjIlMjIlMjBsb2FkaW5nJTNEJTIybGF6eSUyMiUyMHJlZmVycmVycG9saWN5JTNEJTIybm8tcmVmZXJyZXItd2hlbi1kb3duZ3JhZGUlMjIlM0UlM0MlMkZpZnJhbWUlM0U=&#8221;][vc_empty_space height=&#8221;10px&#8221;]<div class=\"eltdf-iwt clearfix  eltdf-iwt-icon-left eltdf-iwt-icon-tiny\">\n\t<div class=\"eltdf-iwt-icon\">\n\t\t\t\t\t\t\t\t\t    <span class=\"eltdf-icon-shortcode eltdf-normal   eltdf-icon-tiny\"  >\n                    <i class=\"eltdf-icon-simple-line-icon icon-clock eltdf-icon-element\" style=\"\" ><\/i>            <\/span>\n\t\t\t\t\t\t<\/div>\n\t<div class=\"eltdf-iwt-content\" >\n\t\t\t\t\t<h5 class=\"eltdf-iwt-title\" >\n\t\t\t\t\t\t\t\t<span class=\"eltdf-iwt-title-text\">Hor\u00e1rio de Funcionamento<\/span>\n\t\t\t\t\t\t\t<\/h5>\n\t\t\t\t\t<\/div>\n<\/div>[vc_column_text]<strong>almo\u00e7o:<\/strong><br \/>\nsegunda a sexta (buffet e \u00e0 la carte):<br \/>\n11h30 &#8211; 14h<br \/>\ns\u00e1bados (somente \u00e0 la carte):<br \/>\n12h &#8211; 14h<br \/>\ndomingos<br \/>\nfechado<\/p>\n<p><strong>jantar:<br \/>\n<\/strong>todos os dias (rod\u00edzio e \u00e0 la carte):<br \/>\n19h &#8211; 23h<\/p>\n<p><strong>delivery:<\/strong><br \/>\ntodos os dias:<br \/>\n18h30 &#8211; 23h[\/vc_column_text][vc_empty_space height=&#8221;10px&#8221;]<div class=\"eltdf-iwt clearfix  eltdf-iwt-icon-left eltdf-iwt-icon-tiny\">\n\t<div class=\"eltdf-iwt-icon\">\n\t\t\t\t\t\t\t\t\t    <span class=\"eltdf-icon-shortcode eltdf-normal   eltdf-icon-tiny\"  >\n                    <i class=\"eltdf-icon-simple-line-icon icon-call-in eltdf-icon-element\" style=\"\" ><\/i>            <\/span>\n\t\t\t\t\t\t<\/div>\n\t<div class=\"eltdf-iwt-content\" >\n\t\t\t\t\t\t\t<p class=\"eltdf-iwt-text\" >(48) 99188-8877<\/p>\n\t\t\t<\/div>\n<\/div>[vc_empty_space height=&#8221;10px&#8221;]<div class=\"eltdf-iwt clearfix  eltdf-iwt-icon-left eltdf-iwt-icon-tiny\">\n\t<div class=\"eltdf-iwt-icon\">\n\t\t\t\t\t\t\t\t\t    <span class=\"eltdf-icon-shortcode eltdf-normal   eltdf-icon-tiny\"  >\n                    <i class=\"eltdf-icon-simple-line-icon icon-location-pin eltdf-icon-element\" style=\"\" ><\/i>            <\/span>\n\t\t\t\t\t\t<\/div>\n\t<div class=\"eltdf-iwt-content\" >\n\t\t\t\t\t\t\t<p class=\"eltdf-iwt-text\" >Edif\u00edcio Office Green, R. da Pra\u00e7a, 241 - Cidade Universit\u00e1ria, Palho\u00e7a - SC, 88137-086<\/p>\n\t\t\t<\/div>\n<\/div>[\/vc_column_inner][vc_column_inner width=&#8221;1\/2&#8243;][vc_column_text]<\/p>\n<h3 style=\"text-align: center;\"><strong>C\u00f3rrego Grande<\/strong><\/h3>\n<p>[\/vc_column_text][vc_gmaps link=&#8221;#E-8_JTNDaWZyYW1lJTIwc3JjJTNEJTIyaHR0cHMlM0ElMkYlMkZ3d3cuZ29vZ2xlLmNvbSUyRm1hcHMlMkZlbWJlZCUzRnBiJTNEJTIxMW0xOCUyMTFtMTIlMjExbTMlMjExZDM1MzUuODE4NzIzMDQ4NzM5MiUyMTJkLTQ4LjUxMDU4MTk3Mjg2NDUyJTIxM2QtMjcuNTk5MTQ5MjI3OTQwMzQ1JTIxMm0zJTIxMWYwJTIxMmYwJTIxM2YwJTIxM20yJTIxMWkxMDI0JTIxMmk3NjglMjE0ZjEzLjElMjEzbTMlMjExbTIlMjExczB4OTUyNzM5NDUyYjIyNDkxNyUyNTNBMHhjMjEzMmU0YjQ2NWRmN2QwJTIxMnNUZW1ha2luJTI1MjBEZWxpdmVyeSUyNTIwQyUyNUMzJTI1QjNycmVnbyUyNTIwR3JhbmRlJTIxNWUwJTIxM20yJTIxMXNlbiUyMTJzYnIlMjE0djE2NzcyNjUwMzA3MzklMjE1bTIlMjExc2VuJTIxMnNiciUyMiUyMHdpZHRoJTNEJTIyNjAwJTIyJTIwaGVpZ2h0JTNEJTIyMjUwJTIyJTIwc3R5bGUlM0QlMjJib3JkZXIlM0EwJTNCJTIyJTIwYWxsb3dmdWxsc2NyZWVuJTNEJTIyJTIyJTIwbG9hZGluZyUzRCUyMmxhenklMjIlMjByZWZlcnJlcnBvbGljeSUzRCUyMm5vLXJlZmVycmVyLXdoZW4tZG93bmdyYWRlJTIyJTNFJTNDJTJGaWZyYW1lJTNF&#8221;][vc_empty_space height=&#8221;10px&#8221;]<div class=\"eltdf-iwt clearfix  eltdf-iwt-icon-left eltdf-iwt-icon-tiny\">\n\t<div class=\"eltdf-iwt-icon\">\n\t\t\t\t\t\t\t\t\t    <span class=\"eltdf-icon-shortcode eltdf-normal   eltdf-icon-tiny\"  >\n                    <i class=\"eltdf-icon-simple-line-icon icon-clock eltdf-icon-element\" style=\"\" ><\/i>            <\/span>\n\t\t\t\t\t\t<\/div>\n\t<div class=\"eltdf-iwt-content\" >\n\t\t\t\t\t<h5 class=\"eltdf-iwt-title\" >\n\t\t\t\t\t\t\t\t<span class=\"eltdf-iwt-title-text\">Hor\u00e1rio de Funcionamento<\/span>\n\t\t\t\t\t\t\t<\/h5>\n\t\t\t\t\t<\/div>\n<\/div>[vc_column_text]<strong>delivery:<\/strong><br \/>\nsegunda &#8211; quinta:<br \/>\n18h30 &#8211; 23h<br \/>\ns\u00e1bado, domingo e feriados:<br \/>\n18h30 &#8211; 23h30[\/vc_column_text][vc_empty_space height=&#8221;10px&#8221;]<div class=\"eltdf-iwt clearfix  eltdf-iwt-icon-left eltdf-iwt-icon-tiny\">\n\t<div class=\"eltdf-iwt-icon\">\n\t\t\t\t\t\t\t\t\t    <span class=\"eltdf-icon-shortcode eltdf-normal   eltdf-icon-tiny\"  >\n                    <i class=\"eltdf-icon-simple-line-icon icon-location-pin eltdf-icon-element\" style=\"\" ><\/i>            <\/span>\n\t\t\t\t\t\t<\/div>\n\t<div class=\"eltdf-iwt-content\" >\n\t\t\t\t\t\t\t<p class=\"eltdf-iwt-text\" >R. Dr. Fernando Em\u00edlio Wendhausen, 40 - C\u00f3rrego Grande, Florian\u00f3polis - SC, 88037-230<\/p>\n\t\t\t<\/div>\n<\/div>[\/vc_column_inner][\/vc_row_inner][\/vc_column][\/vc_row]<\/p>\n","protected":false},"excerpt":{"rendered":"<p>[vc_row][vc_column][\/vc_column][\/vc_row][vc_row row_content_width=&#8221;grid&#8221; css=&#8221;.vc_custom_1677272269871{padding-top: 150px !important;padding-bottom: 87px !important;}&#8221; el_id=&#8221;temakin&#8221;][vc_column offset=&#8221;vc_col-lg-offset-0 vc_col-lg-12 vc_col-md-offset-0 vc_col-md-12 vc_col-sm-offset-0&#8243;][\/vc_column][\/vc_row][vc_row row_content_width=&#8221;grid&#8221; css=&#8221;.vc_custom_1677272279660{margin-top: 100px !important;margin-bottom: 100px !important;}&#8221; el_id=&#8221;cardapios&#8221;][vc_column offset=&#8221;vc_col-lg-offset-0 vc_col-lg-12 vc_col-md-offset-0 vc_col-md-12 vc_col-sm-offset-0&#8243; css=&#8221;.vc_custom_1677262588100{padding-top: -200px !important;}&#8221;][vc_row_inner css=&#8221;.vc_custom_1677263463772{margin-top: 20px !important;}&#8221;][vc_column_inner width=&#8221;1\/3&#8243;][vc_single_image image=&#8221;5185&#8243; img_size=&#8221;medium&#8221; onclick=&#8221;custom_link&#8221; link=&#8221;https:\/\/temakin.com.br\/restaurantejapones\/cardapio-a-la-carte\/&#8221;][vc_column_text]Servido na unidade [&hellip;]<\/p>\n","protected":false},"author":1,"featured_media":0,"parent":0,"menu_order":0,"comment_status":"closed","ping_status":"closed","template":"full-width.php","meta":[],"_links":{"self":[{"href":"https:\/\/temakin.com.br\/restaurantejapones\/wp-json\/wp\/v2\/pages\/11"}],"collection":[{"href":"https:\/\/temakin.com.br\/restaurantejapones\/wp-json\/wp\/v2\/pages"}],"about":[{"href":"https:\/\/temakin.com.br\/restaurantejapones\/wp-json\/wp\/v2\/types\/page"}],"author":[{"embeddable":true,"href":"https:\/\/temakin.com.br\/restaurantejapones\/wp-json\/wp\/v2\/users\/1"}],"replies":[{"embeddable":true,"href":"https:\/\/temakin.com.br\/restaurantejapones\/wp-json\/wp\/v2\/comments?post=11"}],"version-history":[{"count":95,"href":"https:\/\/temakin.com.br\/restaurantejapones\/wp-json\/wp\/v2\/pages\/11\/revisions"}],"predecessor-version":[{"id":5339,"href":"https:\/\/temakin.com.br\/restaurantejapones\/wp-json\/wp\/v2\/pages\/11\/revisions\/5339"}],"wp:attachment":[{"href":"https:\/\/temakin.com.br\/restaurantejapones\/wp-json\/wp\/v2\/media?parent=11"}],"curies":[{"name":"wp","href":"https:\/\/api.w.org\/{rel}","templated":true}]}}