{"id":5226,"date":"2023-12-13T14:48:41","date_gmt":"2023-12-13T17:48:41","guid":{"rendered":"https:\/\/temakin.com.br\/restaurantejapones\/?page_id=5226"},"modified":"2025-03-22T10:35:00","modified_gmt":"2025-03-22T13:35:00","slug":"cardapio-de-almoco-a-la-carte","status":"publish","type":"page","link":"https:\/\/temakin.com.br\/restaurantejapones\/cardapio-de-almoco-a-la-carte\/","title":{"rendered":"Card\u00e1pio de Almo\u00e7o \u00c0 L\u00e1 Carte"},"content":{"rendered":"\n<figure class=\"wp-block-image size-large\"><img decoding=\"async\" src=\"https:\/\/www.temakin.com.br\/restaurantejapones\/wp-content\/uploads\/2023\/07\/almoco\/01.jpg\" alt=\"\"><img decoding=\"async\" src=\"https:\/\/www.temakin.com.br\/restaurantejapones\/wp-content\/uploads\/2023\/07\/almoco\/02.jpg\" alt=\"\"><img decoding=\"async\" src=\"https:\/\/www.temakin.com.br\/restaurantejapones\/wp-content\/uploads\/2023\/07\/almoco\/03.jpg\" alt=\"\"><img decoding=\"async\" src=\"https:\/\/www.temakin.com.br\/restaurantejapones\/wp-content\/uploads\/2023\/07\/almoco\/04.jpg\" alt=\"\"><img decoding=\"async\" src=\"https:\/\/www.temakin.com.br\/restaurantejapones\/wp-content\/uploads\/2023\/07\/almoco\/05.jpg\" alt=\"\"><img decoding=\"async\" src=\"https:\/\/www.temakin.com.br\/restaurantejapones\/wp-content\/uploads\/2023\/07\/almoco\/06.jpg\" alt=\"\"><img decoding=\"async\" src=\"https:\/\/www.temakin.com.br\/restaurantejapones\/wp-content\/uploads\/2023\/07\/almoco\/07.jpg\" alt=\"\"><img decoding=\"async\" src=\"https:\/\/www.temakin.com.br\/restaurantejapones\/wp-content\/uploads\/2023\/07\/almoco\/08.jpg\" alt=\"\"><\/figure>\n","protected":false},"excerpt":{"rendered":"","protected":false},"author":1,"featured_media":0,"parent":0,"menu_order":0,"comment_status":"closed","ping_status":"closed","template":"","meta":[],"_links":{"self":[{"href":"https:\/\/temakin.com.br\/restaurantejapones\/wp-json\/wp\/v2\/pages\/5226"}],"collection":[{"href":"https:\/\/temakin.com.br\/restaurantejapones\/wp-json\/wp\/v2\/pages"}],"about":[{"href":"https:\/\/temakin.com.br\/restaurantejapones\/wp-json\/wp\/v2\/types\/page"}],"author":[{"embeddable":true,"href":"https:\/\/temakin.com.br\/restaurantejapones\/wp-json\/wp\/v2\/users\/1"}],"replies":[{"embeddable":true,"href":"https:\/\/temakin.com.br\/restaurantejapones\/wp-json\/wp\/v2\/comments?post=5226"}],"version-history":[{"count":4,"href":"https:\/\/temakin.com.br\/restaurantejapones\/wp-json\/wp\/v2\/pages\/5226\/revisions"}],"predecessor-version":[{"id":5342,"href":"https:\/\/temakin.com.br\/restaurantejapones\/wp-json\/wp\/v2\/pages\/5226\/revisions\/5342"}],"wp:attachment":[{"href":"https:\/\/temakin.com.br\/restaurantejapones\/wp-json\/wp\/v2\/media?parent=5226"}],"curies":[{"name":"wp","href":"https:\/\/api.w.org\/{rel}","templated":true}]}}